{"id":993,"date":"2021-05-03T08:38:42","date_gmt":"2021-05-03T08:38:42","guid":{"rendered":"https:\/\/elsalvajerefinado.net\/index.php\/product\/the-return-of-the-king\/"},"modified":"2023-07-15T12:07:25","modified_gmt":"2023-07-15T12:07:25","slug":"breviario-de-la-melancolia","status":"publish","type":"product","link":"https:\/\/elsalvajerefinado.net\/index.php\/product\/breviario-de-la-melancolia\/","title":{"rendered":"Breviario de la melancol\u00eda"},"content":{"rendered":"<p><strong>Carlos X. Ardav\u00edn Trabanco<\/strong><br \/>\nProfesor titular de literatura espa\u00f1ola en la Universidad de Trinity, San Antonio. Es autor de los libros <em>La transici\u00f3n a la<\/em><br \/>\n<em>democracia en la novela espa\u00f1ola<\/em> (2006), <em>La pasi\u00f3n meditabunda<\/em> (2002) y <em>La torre de los panoramas<\/em> (2009). Es adem\u00e1s editor de los vol\u00famenes <em>Valoraci\u00f3n de Francisco Umbral<\/em> (2003) y <em>Vida, pensamiento y aventura de C\u00e9sar Gonz\u00e1lez-Ruano<\/em> (2005).\u00a0Entre sus libros de creaci\u00f3n cabe mencionar <em>Aprendiz de poeta<\/em> (2001), <em>Folios de est\u00edo<\/em> (2002) y <em>Florilegio en dos voces\/Florilegio in due voci<\/em> (2003).<\/p>\n","protected":false},"excerpt":{"rendered":"<p><strong>Giovanni Di Pietro<\/strong><br \/>\nItaliano de origen, realiz\u00f3 sus estudios en Canad\u00e1. Ha sido profesor de literatura en Concordia University, Queen\u2019s University, la<br \/>\nUniversidad Aut\u00f3noma de Santo Domingo y la Universidad Nacional Pedro Henr\u00edquez Ure\u00f1a. Ha publicado, entre otros libros: <em>Las<\/em><br \/>\n<em>mejores novelas dominicanas<\/em> (1995), <em>Poemas on\u00edricos y m\u00e1s&#8230;<\/em> (2001), <em>La dominicanidad de Julia \u00c1lvarez<\/em> (2002), <em>El libro del<\/em><br \/>\n<em>Unicornio<\/em> (2003), <em>C\u00e1nticos del Amor y del Tiempo<\/em> (2004), <em>Notas desde el Imperio<\/em> (2006), <em>Lecturas de novelas dominicanas<\/em> (2007),<br \/>\n<em>Intervenciones cr\u00edticas<\/em> (2009) y <em>Entre los nuevos<\/em> (2009). Es profesor en la Universidad de Puerto Rico, en Carolina.<\/p>\n","protected":false},"featured_media":1326,"comment_status":"open","ping_status":"closed","template":"","meta":{"_monsterinsights_skip_tracking":false,"_monsterinsights_sitenote_active":false,"_monsterinsights_sitenote_note":"","_monsterinsights_sitenote_category":0,"site-sidebar-layout":"default","site-content-layout":"default","ast-site-content-layout":"default","site-content-style":"default","site-sidebar-style":"default","ast-global-header-display":"","ast-banner-title-visibility":"","ast-main-header-display":"","ast-hfb-above-header-display":"","ast-hfb-below-header-display":"","ast-hfb-mobile-header-display":"","site-post-title":"","ast-breadcrumbs-content":"","ast-featured-img":"","footer-sml-layout":"","ast-disable-related-posts":"","theme-transparent-header-meta":"default","adv-header-id-meta":"","stick-header-meta":"","header-above-stick-meta":"","header-main-stick-meta":"","header-below-stick-meta":"","astra-migrate-meta-layouts":"default","ast-page-background-enabled":"default","ast-page-background-meta":{"desktop":{"background-color":"","background-image":"","background-repeat":"repeat","background-position":"center center","background-size":"auto","background-attachment":"scroll","background-type":"","background-media":"","overlay-type":"","overlay-color":"","overlay-opacity":"","overlay-gradient":""},"tablet":{"background-color":"","background-image":"","background-repeat":"repeat","background-position":"center center","background-size":"auto","background-attachment":"scroll","background-type":"","background-media":"","overlay-type":"","overlay-color":"","overlay-opacity":"","overlay-gradient":""},"mobile":{"background-color":"","background-image":"","background-repeat":"repeat","background-position":"center center","background-size":"auto","background-attachment":"scroll","background-type":"","background-media":"","overlay-type":"","overlay-color":"","overlay-opacity":"","overlay-gradient":""}},"ast-content-background-meta":{"desktop":{"background-color":"var(--ast-global-color-5)","background-image":"","background-repeat":"repeat","background-position":"center center","background-size":"auto","background-attachment":"scroll","background-type":"","background-media":"","overlay-type":"","overlay-color":"","overlay-opacity":"","overlay-gradient":""},"tablet":{"background-color":"var(--ast-global-color-5)","background-image":"","background-repeat":"repeat","background-position":"center center","background-size":"auto","background-attachment":"scroll","background-type":"","background-media":"","overlay-type":"","overlay-color":"","overlay-opacity":"","overlay-gradient":""},"mobile":{"background-color":"var(--ast-global-color-5)","background-image":"","background-repeat":"repeat","background-position":"center center","background-size":"auto","background-attachment":"scroll","background-type":"","background-media":"","overlay-type":"","overlay-color":"","overlay-opacity":"","overlay-gradient":""}}},"product_brand":[],"product_cat":[22,32],"product_tag":[24,27,28],"class_list":{"0":"post-993","1":"product","2":"type-product","3":"status-publish","4":"has-post-thumbnail","6":"product_cat-fantasy","7":"product_cat-poesia","8":"product_tag-fiction","9":"product_tag-sci-fi","10":"product_tag-science","11":"desktop-align-left","12":"tablet-align-left","13":"mobile-align-left","15":"first","16":"outofstock","17":"sale","18":"shipping-taxable","19":"purchasable","20":"product-type-simple"},"aioseo_notices":[],"_links":{"self":[{"href":"https:\/\/elsalvajerefinado.net\/index.php\/wp-json\/wp\/v2\/product\/993","targetHints":{"allow":["GET"]}}],"collection":[{"href":"https:\/\/elsalvajerefinado.net\/index.php\/wp-json\/wp\/v2\/product"}],"about":[{"href":"https:\/\/elsalvajerefinado.net\/index.php\/wp-json\/wp\/v2\/types\/product"}],"replies":[{"embeddable":true,"href":"https:\/\/elsalvajerefinado.net\/index.php\/wp-json\/wp\/v2\/comments?post=993"}],"wp:featuredmedia":[{"embeddable":true,"href":"https:\/\/elsalvajerefinado.net\/index.php\/wp-json\/wp\/v2\/media\/1326"}],"wp:attachment":[{"href":"https:\/\/elsalvajerefinado.net\/index.php\/wp-json\/wp\/v2\/media?parent=993"}],"wp:term":[{"taxonomy":"product_brand","embeddable":true,"href":"https:\/\/elsalvajerefinado.net\/index.php\/wp-json\/wp\/v2\/product_brand?post=993"},{"taxonomy":"product_cat","embeddable":true,"href":"https:\/\/elsalvajerefinado.net\/index.php\/wp-json\/wp\/v2\/product_cat?post=993"},{"taxonomy":"product_tag","embeddable":true,"href":"https:\/\/elsalvajerefinado.net\/index.php\/wp-json\/wp\/v2\/product_tag?post=993"}],"curies":[{"name":"wp","href":"https:\/\/api.w.org\/{rel}","templated":true}]}}